{"id":2213,"date":"2024-02-21T14:18:00","date_gmt":"2024-02-21T14:18:00","guid":{"rendered":"https:\/\/atletismoviana.pt\/aavc\/?page_id=2213"},"modified":"2026-01-07T10:48:03","modified_gmt":"2026-01-07T10:48:03","slug":"competicoes","status":"publish","type":"page","link":"https:\/\/atletismoviana.pt\/aavc\/competicoes\/","title":{"rendered":"Atividade"},"content":{"rendered":"<div data-colibri-id=\"2213-c1\" class=\"style-2893 style-local-2213-c1 position-relative\">\n  <!---->\n  <div data-colibri-component=\"section\" data-colibri-id=\"2213-c2\" id=\"reusable-sections\" class=\"h-section h-section-global-spacing d-flex align-items-lg-center align-items-md-center align-items-center style-2894 style-local-2213-c2 position-relative\">\n    <!---->\n    <!---->\n    <div class=\"h-section-grid-container h-section-boxed-container\">\n      <div data-colibri-id=\"2213-c24\" class=\"h-row-container gutters-row-lg-2 gutters-row-md-2 gutters-row-2 gutters-row-v-lg-2 gutters-row-v-md-2 gutters-row-v-2 style-2909 style-local-2213-c24 position-relative\">\n        <!---->\n        <div class=\"h-row justify-content-lg-center justify-content-md-center justify-content-center align-items-lg-stretch align-items-md-stretch align-items-stretch gutters-col-lg-2 gutters-col-md-2 gutters-col-2 gutters-col-v-lg-2 gutters-col-v-md-2 gutters-col-v-2\">\n          <!---->\n          <div class=\"h-column h-column-container d-flex h-col-lg-auto h-col-md-auto h-col-auto style-2910-outer style-local-2213-c25-outer\">\n            <div data-colibri-id=\"2213-c25\" class=\"d-flex h-flex-basis h-column__inner h-px-lg-2 h-px-md-2 h-px-2 v-inner-lg-2 v-inner-md-2 v-inner-2 style-2910 style-local-2213-c25 position-relative\">\n              <!---->\n              <!---->\n              <div class=\"w-100 h-y-container h-column__content h-column__v-align flex-basis-100 align-self-lg-start align-self-md-start align-self-start\">\n                <!---->\n                <div data-colibri-id=\"2213-c26\" class=\"h-global-transition-all h-heading style-2911 style-local-2213-c26 position-relative h-element\">\n                  <!---->\n                  <div class=\"h-heading__outer style-2911 style-local-2213-c26\">\n                    <!---->\n                    <!---->\n                    <h2 class=\"\">Atividade<\/h2>\n                  <\/div>\n                <\/div>\n              <\/div>\n            <\/div>\n          <\/div>\n        <\/div>\n      <\/div>\n      <div data-colibri-id=\"2213-c3\" class=\"h-row-container gutters-row-lg-2 gutters-row-md-2 gutters-row-2 gutters-row-v-lg-2 gutters-row-v-md-2 gutters-row-v-2 style-2895 style-local-2213-c3 position-relative\">\n        <!---->\n        <div class=\"h-row justify-content-lg-center justify-content-md-center justify-content-center align-items-lg-stretch align-items-md-stretch align-items-stretch gutters-col-lg-2 gutters-col-md-2 gutters-col-2 gutters-col-v-lg-2 gutters-col-v-md-2 gutters-col-v-2\">\n          <!---->\n          <div class=\"h-column h-column-container d-flex h-col-lg-6 h-col-md-6 h-col-12 style-2896-outer style-local-2213-c4-outer\">\n            <div data-colibri-id=\"2213-c4\" class=\"d-flex h-flex-basis h-column__inner h-px-lg-0 h-px-md-0 h-px-0 v-inner-lg-0 v-inner-md-0 v-inner-0 style-2896 style-local-2213-c4 position-relative\">\n              <!---->\n              <!---->\n              <div class=\"w-100 h-y-container h-column__content h-column__v-align flex-basis-100 align-self-lg-start align-self-md-start align-self-start\">\n                <!---->\n                <div data-colibri-id=\"2213-c5\" class=\"h-row-container gutters-row-lg-0 gutters-row-md-0 gutters-row-0 gutters-row-v-lg-0 gutters-row-v-md-0 gutters-row-v-0 style-2897 style-local-2213-c5 position-relative\">\n                  <!---->\n                  <div class=\"h-row justify-content-lg-center justify-content-md-center justify-content-center align-items-lg-stretch align-items-md-stretch align-items-stretch gutters-col-lg-0 gutters-col-md-0 gutters-col-0 gutters-col-v-lg-0 gutters-col-v-md-0 gutters-col-v-0\">\n                    <!---->\n                    <div class=\"h-column h-column-container d-flex h-col-lg-auto h-col-md-auto h-col-auto style-2898-outer style-local-2213-c6-outer\">\n                      <div data-colibri-id=\"2213-c6\" class=\"d-flex h-flex-basis h-column__inner h-px-lg-0 h-px-md-0 h-px-0 v-inner-lg-0 v-inner-md-0 v-inner-0 style-2898 style-local-2213-c6 position-relative\">\n                        <!---->\n                        <!---->\n                        <div class=\"w-100 h-y-container h-column__content h-column__v-align flex-basis-100 align-self-lg-start align-self-md-start align-self-start\">\n                          <!---->\n                          <div data-colibri-component=\"content-swap\" data-colibri-id=\"2213-c7\" class=\"content-swap style-2899 style-local-2213-c7 position-relative h-element\">\n                            <!---->\n                            <div class=\"d-flex position-relative border-radius-inherit h-content-swap__overflow\">\n                              <div data-normal=\"\" data-colibri-id=\"2213-c8\" class=\"h-content-swap__normal d-flex border-radius-inherit h-ui-empty-state-container hide-animation style-2900 style-local-2213-c8 position-relative\">\n                                <!---->\n                                <div class=\"w-100 h-y-container\">\n                                  <!---->\n                                <\/div>\n                              <\/div>\n                              <div data-hover=\"\" data-colibri-component=\"link\" data-href=\"https:\/\/atletismoviana.pt\/aavc\/blog\/\" data-colibri-id=\"2213-c9\" class=\"h-content-swap-hover-container animated h-content-swap__hover d-flex border-radius-inherit fadeIn justify-content-lg-center justify-content-md-center justify-content-center h-content-swap-hover-container--with-link style-2901 style-local-2213-c9 position-relative\"\n                                style=\"display: none;\">\n                                <!---->\n                                <div class=\"w-100 h-y-container align-self-lg-center align-self-md-center align-self-center\">\n                                  <!---->\n                                  <div data-colibri-id=\"2213-c10\" class=\"h-x-container style-2902 style-local-2213-c10 position-relative h-element\">\n                                    <!---->\n                                    <div class=\"h-x-container-inner style-dynamic-2213-c10-group style-2902-spacing style-local-2213-c10-spacing\"><span class=\"h-button__outer style-2903-outer style-local-2213-c11-outer d-inline-flex h-element\"><a h-use-smooth-scroll=\"true\" href=\"https:\/\/atletismoviana.pt\/aavc\/blog\/\"  data-colibri-id=\"2213-c11\" class=\"d-flex w-100 align-items-center h-button justify-content-lg-center justify-content-md-center justify-content-center style-2903 style-local-2213-c11 position-relative\"><!----><!----> <span>Ver p\u00e1gina<\/span><\/a>\n                                      <\/span>\n                                    <\/div>\n                                  <\/div>\n                                <\/div>\n                              <\/div>\n                            <\/div>\n                          <\/div>\n                        <\/div>\n                      <\/div>\n                    <\/div>\n                    <div class=\"h-column h-column-container d-flex h-col-lg-auto h-col-md-auto h-col-auto style-2904-outer style-local-2213-c12-outer\">\n                      <div data-colibri-id=\"2213-c12\" class=\"d-flex h-flex-basis h-column__inner h-px-lg-2 h-px-md-2 h-px-2 v-inner-lg-2 v-inner-md-2 v-inner-2 style-2904 style-local-2213-c12 position-relative\">\n                        <!---->\n                        <!---->\n                        <div class=\"w-100 h-y-container h-column__content h-column__v-align flex-basis-100 align-self-lg-start align-self-md-start align-self-start\">\n                          <!---->\n                          <div data-colibri-id=\"2213-c13\" class=\"h-global-transition-all h-heading style-2905 style-local-2213-c13 position-relative h-element\">\n                            <!---->\n                            <div class=\"h-heading__outer style-2905 style-local-2213-c13\">\n                              <!---->\n                              <!---->\n                              <h5 class=\"\">Not\u00edcias<\/h5>\n                            <\/div>\n                          <\/div>\n                        <\/div>\n                      <\/div>\n                    <\/div>\n                  <\/div>\n                <\/div>\n              <\/div>\n            <\/div>\n          <\/div>\n          <div class=\"h-column h-column-container d-flex h-col-lg-6 h-col-md-6 h-col-12 style-2896-outer style-local-2213-c14-outer\">\n            <div data-colibri-id=\"2213-c14\" class=\"d-flex h-flex-basis h-column__inner h-px-lg-0 h-px-md-0 h-px-0 v-inner-lg-0 v-inner-md-0 v-inner-0 style-2896 style-local-2213-c14 position-relative\">\n              <!---->\n              <!---->\n              <div class=\"w-100 h-y-container h-column__content h-column__v-align flex-basis-100 align-self-lg-start align-self-md-start align-self-start\">\n                <!---->\n                <div data-colibri-id=\"2213-c15\" class=\"h-row-container gutters-row-lg-0 gutters-row-md-0 gutters-row-0 gutters-row-v-lg-0 gutters-row-v-md-0 gutters-row-v-0 style-2897 style-local-2213-c15 position-relative\">\n                  <!---->\n                  <div class=\"h-row justify-content-lg-center justify-content-md-center justify-content-center align-items-lg-stretch align-items-md-stretch align-items-stretch gutters-col-lg-0 gutters-col-md-0 gutters-col-0 gutters-col-v-lg-0 gutters-col-v-md-0 gutters-col-v-0\">\n                    <!---->\n                    <div class=\"h-column h-column-container d-flex h-col-lg-auto h-col-md-auto h-col-auto style-2898-outer style-local-2213-c16-outer\">\n                      <div data-colibri-id=\"2213-c16\" class=\"d-flex h-flex-basis h-column__inner h-px-lg-0 h-px-md-0 h-px-0 v-inner-lg-0 v-inner-md-0 v-inner-0 style-2898 style-local-2213-c16 position-relative\">\n                        <!---->\n                        <!---->\n                        <div class=\"w-100 h-y-container h-column__content h-column__v-align flex-basis-100 align-self-lg-start align-self-md-start align-self-start\">\n                          <!---->\n                          <div data-colibri-component=\"content-swap\" data-colibri-id=\"2213-c17\" class=\"content-swap style-2906 style-local-2213-c17 position-relative h-element\">\n                            <!---->\n                            <div class=\"d-flex position-relative border-radius-inherit h-content-swap__overflow\">\n                              <div data-normal=\"\" data-colibri-id=\"2213-c18\" class=\"h-content-swap__normal d-flex border-radius-inherit h-ui-empty-state-container hide-animation style-2907 style-local-2213-c18 position-relative\">\n                                <!---->\n                                <div class=\"w-100 h-y-container\">\n                                  <!---->\n                                <\/div>\n                              <\/div>\n                              <div data-hover=\"\" data-colibri-component=\"link\" data-href=\"https:\/\/atletismoviana.pt\/aavc\/entrevistas\/\" data-colibri-id=\"2213-c19\" class=\"h-content-swap-hover-container animated h-content-swap__hover d-flex border-radius-inherit fadeIn justify-content-lg-center justify-content-md-center justify-content-center h-content-swap-hover-container--with-link style-2908 style-local-2213-c19 position-relative\"\n                                style=\"display: none;\">\n                                <!---->\n                                <div class=\"w-100 h-y-container align-self-lg-center align-self-md-center align-self-center\">\n                                  <!---->\n                                  <div data-colibri-id=\"2213-c20\" class=\"h-x-container style-2902 style-local-2213-c20 position-relative h-element\">\n                                    <!---->\n                                    <div class=\"h-x-container-inner style-dynamic-2213-c20-group style-2902-spacing style-local-2213-c20-spacing\"><span class=\"h-button__outer style-2903-outer style-local-2213-c21-outer d-inline-flex h-element\"><a h-use-smooth-scroll=\"true\" href=\"https:\/\/atletismoviana.pt\/aavc\/entrevistas\/\"  data-colibri-id=\"2213-c21\" class=\"d-flex w-100 align-items-center h-button justify-content-lg-center justify-content-md-center justify-content-center style-2903 style-local-2213-c21 position-relative\"><!----><!----> <span>Ver P\u00e1gina<\/span><\/a>\n                                      <\/span>\n                                    <\/div>\n                                  <\/div>\n                                <\/div>\n                              <\/div>\n                            <\/div>\n                          <\/div>\n                        <\/div>\n                      <\/div>\n                    <\/div>\n                    <div class=\"h-column h-column-container d-flex h-col-lg-auto h-col-md-auto h-col-auto style-2904-outer style-local-2213-c22-outer\">\n                      <div data-colibri-id=\"2213-c22\" class=\"d-flex h-flex-basis h-column__inner h-px-lg-2 h-px-md-2 h-px-2 v-inner-lg-2 v-inner-md-2 v-inner-2 style-2904 style-local-2213-c22 position-relative\">\n                        <!---->\n                        <!---->\n                        <div class=\"w-100 h-y-container h-column__content h-column__v-align flex-basis-100 align-self-lg-start align-self-md-start align-self-start\">\n                          <!---->\n                          <div data-colibri-id=\"2213-c23\" class=\"h-global-transition-all h-heading style-2905 style-local-2213-c23 position-relative h-element\">\n                            <!---->\n                            <div class=\"h-heading__outer style-2905 style-local-2213-c23\">\n                              <!---->\n                              <!---->\n                              <h5 class=\"\">Entrevistas<\/h5>\n                            <\/div>\n                          <\/div>\n                        <\/div>\n                      <\/div>\n                    <\/div>\n                  <\/div>\n                <\/div>\n              <\/div>\n            <\/div>\n          <\/div>\n        <\/div>\n      <\/div>\n    <\/div>\n  <\/div>\n<\/div>","protected":false},"excerpt":{"rendered":"<p>Atividade Ver p\u00e1gina Not\u00edcias Ver P\u00e1gina Entrevistas<\/p>\n","protected":false},"author":1,"featured_media":0,"parent":0,"menu_order":0,"comment_status":"closed","ping_status":"closed","template":"page-templates\/full-width-page.php","meta":{"footnotes":""},"class_list":["post-2213","page","type-page","status-publish","hentry"],"_links":{"self":[{"href":"https:\/\/atletismoviana.pt\/aavc\/wp-json\/wp\/v2\/pages\/2213","targetHints":{"allow":["GET"]}}],"collection":[{"href":"https:\/\/atletismoviana.pt\/aavc\/wp-json\/wp\/v2\/pages"}],"about":[{"href":"https:\/\/atletismoviana.pt\/aavc\/wp-json\/wp\/v2\/types\/page"}],"author":[{"embeddable":true,"href":"https:\/\/atletismoviana.pt\/aavc\/wp-json\/wp\/v2\/users\/1"}],"replies":[{"embeddable":true,"href":"https:\/\/atletismoviana.pt\/aavc\/wp-json\/wp\/v2\/comments?post=2213"}],"version-history":[{"count":3,"href":"https:\/\/atletismoviana.pt\/aavc\/wp-json\/wp\/v2\/pages\/2213\/revisions"}],"predecessor-version":[{"id":8254,"href":"https:\/\/atletismoviana.pt\/aavc\/wp-json\/wp\/v2\/pages\/2213\/revisions\/8254"}],"wp:attachment":[{"href":"https:\/\/atletismoviana.pt\/aavc\/wp-json\/wp\/v2\/media?parent=2213"}],"curies":[{"name":"wp","href":"https:\/\/api.w.org\/{rel}","templated":true}]}}