{"id":7108,"date":"2025-08-08T11:07:14","date_gmt":"2025-08-08T11:07:14","guid":{"rendered":"https:\/\/atletismoviana.pt\/aavc\/?page_id=7108"},"modified":"2026-01-05T18:37:26","modified_gmt":"2026-01-05T18:37:26","slug":"contactos","status":"publish","type":"page","link":"https:\/\/atletismoviana.pt\/aavc\/associacao\/contactos\/","title":{"rendered":"Contactos"},"content":{"rendered":"<div data-colibri-id=\"7108-c1\" class=\"style-2006 style-local-7108-c1 position-relative\">\n  <!---->\n  <div data-colibri-component=\"section\" data-colibri-id=\"7108-c2\" id=\"custom\" class=\"h-section h-section-global-spacing d-flex align-items-lg-center align-items-md-center align-items-center style-2007 style-local-7108-c2 position-relative\">\n    <!---->\n    <!---->\n    <div class=\"h-section-grid-container h-section-boxed-container\">\n      <!---->\n      <div data-colibri-id=\"7108-c3\" class=\"h-row-container gutters-row-lg-2 gutters-row-md-2 gutters-row-0 gutters-row-v-lg-2 gutters-row-v-md-2 gutters-row-v-2 style-2015 style-local-7108-c3 position-relative\">\n        <!---->\n        <div class=\"h-row justify-content-lg-center justify-content-md-center justify-content-center align-items-lg-stretch align-items-md-stretch align-items-stretch gutters-col-lg-2 gutters-col-md-2 gutters-col-0 gutters-col-v-lg-2 gutters-col-v-md-2 gutters-col-v-2\">\n          <!---->\n          <div class=\"h-column h-column-container d-flex h-col-lg-auto h-col-md-auto h-col-auto style-2016-outer style-local-7108-c4-outer\">\n            <div data-colibri-id=\"7108-c4\" class=\"d-flex h-flex-basis h-column__inner h-px-lg-2 h-px-md-2 h-px-2 v-inner-lg-2 v-inner-md-2 v-inner-2 style-2016 style-local-7108-c4 position-relative\">\n              <!---->\n              <!---->\n              <div class=\"w-100 h-y-container h-column__content h-column__v-align flex-basis-100 align-self-lg-start align-self-md-start align-self-start\">\n                <!---->\n                <div data-colibri-id=\"7108-c5\" class=\"h-text h-text-component style-2011 style-local-7108-c5 position-relative h-element\">\n                  <!---->\n                  <!---->\n                  <div class=\"\">\n                    <p>contactos<\/p>\n                  <\/div>\n                <\/div>\n                <div data-colibri-id=\"7108-c6\" class=\"h-text h-text-component style-2012 style-local-7108-c6 position-relative h-element\">\n                  <!---->\n                  <!---->\n                  <div class=\"\">\n                    <p>Pelo Atletismo, para os Atletas, com os Clubes.<\/p>\n                  <\/div>\n                <\/div>\n              <\/div>\n            <\/div>\n          <\/div>\n        <\/div>\n      <\/div>\n      <div data-colibri-id=\"7108-c7\" class=\"h-row-container gutters-row-lg-2 gutters-row-md-2 gutters-row-0 gutters-row-v-lg-2 gutters-row-v-md-2 gutters-row-v-2 style-2008 style-local-7108-c7 position-relative\">\n        <!---->\n        <div class=\"h-row justify-content-lg-center justify-content-md-center justify-content-center align-items-lg-stretch align-items-md-stretch align-items-stretch gutters-col-lg-2 gutters-col-md-2 gutters-col-0 gutters-col-v-lg-2 gutters-col-v-md-2 gutters-col-v-2\">\n          <!---->\n          <div class=\"h-column h-column-container d-flex h-col-lg-auto h-col-md-auto h-col-auto style-2009-outer style-local-7108-c8-outer\">\n            <div data-colibri-id=\"7108-c8\" class=\"d-flex h-flex-basis h-column__inner h-px-lg-2 h-px-md-2 h-px-2 v-inner-lg-2 v-inner-md-2 v-inner-2 style-2009 style-local-7108-c8 position-relative\">\n              <!---->\n              <!---->\n              <div class=\"w-100 h-y-container h-column__content h-column__v-align flex-basis-100 align-self-lg-start align-self-md-start align-self-start\">\n                <!---->\n                <div data-colibri-id=\"7108-c9\" class=\"h-text h-text-component style-2013 style-local-7108-c9 position-relative h-element\">\n                  <!---->\n                  <!---->\n                  <div class=\"\">\n                    <p>morada<\/p>\n                  <\/div>\n                <\/div>\n                <div data-colibri-id=\"7108-c10\" class=\"h-text h-text-component style-2014 style-local-7108-c10 position-relative h-element\">\n                  <!---->\n                  <!---->\n                  <div class=\"\">\n                    <p>Pavilh\u00e3o Municipal de Santa Maria Maior\n                      <br>Avenida Capit\u00e3o Gaspar de Castro\n                      <br>4900-462 Viana do Castelo<\/p>\n                  <\/div>\n                <\/div>\n              <\/div>\n            <\/div>\n          <\/div>\n          <div class=\"h-column h-column-container d-flex h-col-lg-auto h-col-md-auto h-col-auto style-2010-outer style-local-7108-c11-outer\">\n            <div data-colibri-id=\"7108-c11\" class=\"d-flex h-flex-basis h-column__inner h-px-lg-2 h-px-md-2 h-px-2 v-inner-lg-2 v-inner-md-2 v-inner-2 style-2010 style-local-7108-c11 position-relative\">\n              <!---->\n              <!---->\n              <div class=\"w-100 h-y-container h-column__content h-column__v-align flex-basis-100 align-self-lg-start align-self-md-start align-self-start\">\n                <!---->\n                <div data-colibri-id=\"7108-c12\" class=\"h-text h-text-component style-2017 style-local-7108-c12 position-relative h-element\">\n                  <!---->\n                  <!---->\n                  <div class=\"\">\n                    <p>contacto<\/p>\n                  <\/div>\n                <\/div>\n                <div data-colibri-id=\"7108-c13\" class=\"h-text h-text-component style-2018 style-local-7108-c13 position-relative h-element\">\n                  <!---->\n                  <!---->\n                  <div class=\"\">\n                    <p>quest\u00f5es gerais:\n                      <br>geral@atletismoviana.pt\n                      <br>\n                    <\/p>\n                  <\/div>\n                <\/div>\n                <div data-colibri-id=\"7108-c14\" class=\"h-text h-text-component style-2019 style-local-7108-c14 position-relative h-element\">\n                  <!---->\n                  <!---->\n                  <div class=\"\">\n                    <p>Dire\u00e7\u00e3o T\u00e9cnica:\n                      <br>dtr@atletismoviana.pt<\/p>\n                  <\/div>\n                <\/div>\n                <div data-colibri-id=\"7108-c15\" class=\"h-text h-text-component style-2020 style-local-7108-c15 position-relative h-element\">\n                  <!---->\n                  <!---->\n                  <div class=\"\">\n                    <p>Administra\u00e7\u00e3o Fiscal:\n                      <br>fiscal@atletismoviana.pt <\/p>\n                  <\/div>\n                <\/div>\n                <div data-colibri-id=\"7108-c16\" class=\"style-2021 style-local-7108-c16 position-relative h-element\">\n                  <!---->\n                <\/div>\n                <div data-colibri-id=\"7108-c17\" class=\"h-text h-text-component style-2022 style-local-7108-c17 position-relative h-element\">\n                  <!---->\n                  <!---->\n                  <div class=\"\">\n                    <p>redes sociais<\/p>\n                  <\/div>\n                <\/div>\n                <div data-colibri-id=\"7108-c18\" class=\"h-x-container style-2023 style-local-7108-c18 position-relative h-element\">\n                  <!---->\n                  <div class=\"h-x-container-inner style-dynamic-7108-c18-group style-2023-spacing style-local-7108-c18-spacing\"><span class=\"h-link__outer style-2024-outer style-local-7108-c19-outer d-inline-flex h-element\"><a h-use-smooth-scroll=\"true\" href=\"https:\/\/www.instagram.com\/atletismoviana\/\"  data-colibri-id=\"7108-c19\" class=\"d-flex w-100 align-items-center h-link style-2024 style-local-7108-c19 position-relative\"><!----><!----> <span>Instagram<\/span><\/a>\n                    <\/span>\n                  <\/div>\n                <\/div>\n                <div data-colibri-id=\"7108-c20\" class=\"h-x-container style-2025 style-local-7108-c20 position-relative h-element\">\n                  <!---->\n                  <div class=\"h-x-container-inner style-dynamic-7108-c20-group style-2025-spacing style-local-7108-c20-spacing\"><span class=\"h-link__outer style-2026-outer style-local-7108-c21-outer d-inline-flex h-element\"><a h-use-smooth-scroll=\"true\" href=\"https:\/\/www.facebook.com\/AAVCCRA\"  data-colibri-id=\"7108-c21\" class=\"d-flex w-100 align-items-center h-link style-2026 style-local-7108-c21 position-relative\"><!----><!----> <span>facebook<\/span><\/a>\n                    <\/span>\n                  <\/div>\n                <\/div>\n                <div data-colibri-id=\"7108-c22\" class=\"h-x-container style-2027 style-local-7108-c22 position-relative h-element\">\n                  <!---->\n                  <div class=\"h-x-container-inner style-dynamic-7108-c22-group style-2027-spacing style-local-7108-c22-spacing\"><span class=\"h-link__outer style-2028-outer style-local-7108-c23-outer d-inline-flex h-element\"><a h-use-smooth-scroll=\"true\" href=\"https:\/\/www.youtube.com\/@atletismovianaaavc5308\"  data-colibri-id=\"7108-c23\" class=\"d-flex w-100 align-items-center h-link style-2028 style-local-7108-c23 position-relative\"><!----><!----> <span>Youtube<\/span><\/a>\n                    <\/span>\n                  <\/div>\n                <\/div>\n              <\/div>\n            <\/div>\n          <\/div>\n        <\/div>\n      <\/div>\n      <div data-colibri-id=\"7108-c24\" class=\"h-row-container gutters-row-lg-2 gutters-row-md-2 gutters-row-0 gutters-row-v-lg-2 gutters-row-v-md-2 gutters-row-v-2 style-2029 style-local-7108-c24 position-relative\">\n        <!---->\n        <div class=\"h-row justify-content-lg-center justify-content-md-center justify-content-center align-items-lg-stretch align-items-md-stretch align-items-stretch gutters-col-lg-2 gutters-col-md-2 gutters-col-0 gutters-col-v-lg-2 gutters-col-v-md-2 gutters-col-v-2\">\n          <!---->\n          <div class=\"h-column h-column-container d-flex h-col-lg-auto h-col-md-auto h-col-auto style-2030-outer style-local-7108-c25-outer\">\n            <div data-colibri-id=\"7108-c25\" class=\"d-flex h-flex-basis h-column__inner h-px-lg-2 h-px-md-2 h-px-2 v-inner-lg-2 v-inner-md-2 v-inner-2 style-2030 style-local-7108-c25 position-relative\">\n              <!---->\n              <!---->\n              <div class=\"w-100 h-y-container h-column__content h-column__v-align flex-basis-100 align-self-lg-start align-self-md-start align-self-start\">\n                <!---->\n                <div data-colibri-id=\"7108-c26\" class=\"h-text h-text-component style-2031 style-local-7108-c26 position-relative h-element\">\n                  <!---->\n                  <!---->\n                  <div class=\"\">\n                    <p>\u00a9 2025 Associa\u00e7\u00e3o de Atletismo de Viana do Castelo &#8211; todos os direitos reservados<\/p>\n                  <\/div>\n                <\/div>\n              <\/div>\n            <\/div>\n          <\/div>\n        <\/div>\n      <\/div>\n    <\/div>\n  <\/div>\n  <div data-colibri-component=\"section\" data-colibri-id=\"7108-c27\" id=\"custom-2\" class=\"h-section h-section-global-spacing d-flex align-items-lg-start align-items-md-start align-items-start style-2032 style-local-7108-c27 position-relative\">\n    <!---->\n    <!---->\n    <div class=\"h-section-grid-container h-section-fluid-container\">\n      <!---->\n      <div data-colibri-id=\"7108-c28\" class=\"h-row-container gutters-row-lg-2 gutters-row-md-2 gutters-row-0 gutters-row-v-lg-2 gutters-row-v-md-2 gutters-row-v-2 style-2033 style-local-7108-c28 position-relative\">\n        <!---->\n        <div class=\"h-row justify-content-lg-center justify-content-md-center justify-content-center align-items-lg-stretch align-items-md-stretch align-items-stretch gutters-col-lg-2 gutters-col-md-2 gutters-col-0 gutters-col-v-lg-2 gutters-col-v-md-2 gutters-col-v-2\">\n          <!---->\n          <div class=\"h-column h-column-container d-flex h-col-lg-auto h-col-md-auto h-col-auto style-2034-outer style-local-7108-c29-outer\">\n            <div data-colibri-id=\"7108-c29\" class=\"d-flex h-flex-basis h-column__inner h-ui-empty-state-container h-px-lg-2 h-px-md-2 h-px-2 v-inner-lg-2 v-inner-md-2 v-inner-2 style-2034 style-local-7108-c29 position-relative\">\n              <!---->\n              <!---->\n              <div class=\"w-100 h-y-container h-column__content h-column__v-align flex-basis-100\">\n                <!---->\n              <\/div>\n            <\/div>\n          <\/div>\n        <\/div>\n      <\/div>\n    <\/div>\n  <\/div>\n<\/div>","protected":false},"excerpt":{"rendered":"<p>contactos Pelo Atletismo, para os Atletas, com os Clubes. morada Pavilh\u00e3o Municipal de Santa Maria Maior Avenida Capit\u00e3o Gaspar de Castro 4900-462 Viana do Castelo contacto quest\u00f5es gerais: geral@atletismoviana.pt Dire\u00e7\u00e3o T\u00e9cnica: dtr@atletismoviana.pt Administra\u00e7\u00e3o Fiscal: fiscal@atletismoviana.pt redes sociais Instagram facebook Youtube \u00a9 2025 Associa\u00e7\u00e3o de Atletismo de Viana do Castelo &#8211; todos os direitos reservados<\/p>\n","protected":false},"author":1,"featured_media":0,"parent":7110,"menu_order":0,"comment_status":"closed","ping_status":"closed","template":"page-templates\/full-width-page.php","meta":{"footnotes":""},"class_list":["post-7108","page","type-page","status-publish","hentry"],"_links":{"self":[{"href":"https:\/\/atletismoviana.pt\/aavc\/wp-json\/wp\/v2\/pages\/7108","targetHints":{"allow":["GET"]}}],"collection":[{"href":"https:\/\/atletismoviana.pt\/aavc\/wp-json\/wp\/v2\/pages"}],"about":[{"href":"https:\/\/atletismoviana.pt\/aavc\/wp-json\/wp\/v2\/types\/page"}],"author":[{"embeddable":true,"href":"https:\/\/atletismoviana.pt\/aavc\/wp-json\/wp\/v2\/users\/1"}],"replies":[{"embeddable":true,"href":"https:\/\/atletismoviana.pt\/aavc\/wp-json\/wp\/v2\/comments?post=7108"}],"version-history":[{"count":6,"href":"https:\/\/atletismoviana.pt\/aavc\/wp-json\/wp\/v2\/pages\/7108\/revisions"}],"predecessor-version":[{"id":8169,"href":"https:\/\/atletismoviana.pt\/aavc\/wp-json\/wp\/v2\/pages\/7108\/revisions\/8169"}],"up":[{"embeddable":true,"href":"https:\/\/atletismoviana.pt\/aavc\/wp-json\/wp\/v2\/pages\/7110"}],"wp:attachment":[{"href":"https:\/\/atletismoviana.pt\/aavc\/wp-json\/wp\/v2\/media?parent=7108"}],"curies":[{"name":"wp","href":"https:\/\/api.w.org\/{rel}","templated":true}]}}