{"id":7110,"date":"2025-08-08T11:09:06","date_gmt":"2025-08-08T11:09:06","guid":{"rendered":"https:\/\/atletismoviana.pt\/aavc\/?page_id=7110"},"modified":"2026-01-07T10:43:40","modified_gmt":"2026-01-07T10:43:40","slug":"associacao","status":"publish","type":"page","link":"https:\/\/atletismoviana.pt\/aavc\/associacao\/","title":{"rendered":"Associa\u00e7\u00e3o"},"content":{"rendered":"<div data-colibri-id=\"7110-c1\" class=\"style-2866 style-local-7110-c1 position-relative\">\n  <!---->\n  <div data-colibri-component=\"section\" data-colibri-id=\"7110-c2\" id=\"overvies-list\" class=\"h-section h-section-global-spacing d-flex align-items-lg-center align-items-md-center align-items-center style-2867 style-local-7110-c2 position-relative\">\n    <!---->\n    <!---->\n    <div class=\"h-section-grid-container h-section-boxed-container\">\n      <div data-colibri-id=\"7110-c24\" class=\"h-row-container gutters-row-lg-2 gutters-row-md-2 gutters-row-2 gutters-row-v-lg-2 gutters-row-v-md-2 gutters-row-v-2 style-2890 style-local-7110-c24 position-relative\">\n        <!---->\n        <div class=\"h-row justify-content-lg-center justify-content-md-center justify-content-center align-items-lg-stretch align-items-md-stretch align-items-stretch gutters-col-lg-2 gutters-col-md-2 gutters-col-2 gutters-col-v-lg-2 gutters-col-v-md-2 gutters-col-v-2\">\n          <!---->\n          <div class=\"h-column h-column-container d-flex h-col-lg-auto h-col-md-auto h-col-auto style-2891-outer style-local-7110-c25-outer\">\n            <div data-colibri-id=\"7110-c25\" class=\"d-flex h-flex-basis h-column__inner h-px-lg-2 h-px-md-2 h-px-2 v-inner-lg-2 v-inner-md-2 v-inner-2 style-2891 style-local-7110-c25 position-relative\">\n              <!---->\n              <!---->\n              <div class=\"w-100 h-y-container h-column__content h-column__v-align flex-basis-100 align-self-lg-start align-self-md-start align-self-start\">\n                <!---->\n                <div data-colibri-id=\"7110-c26\" class=\"h-global-transition-all h-heading style-2892 style-local-7110-c26 position-relative h-element\">\n                  <!---->\n                  <div class=\"h-heading__outer style-2892 style-local-7110-c26\">\n                    <!---->\n                    <!---->\n                    <h2 class=\"\">Associa\u00e7\u00e3o<\/h2>\n                  <\/div>\n                <\/div>\n              <\/div>\n            <\/div>\n          <\/div>\n        <\/div>\n      <\/div>\n      <div data-colibri-id=\"7110-c3\" class=\"h-row-container gutters-row-lg-2 gutters-row-md-2 gutters-row-2 gutters-row-v-lg-2 gutters-row-v-md-2 gutters-row-v-2 style-2868 style-local-7110-c3 position-relative\">\n        <!---->\n        <div class=\"h-row justify-content-lg-center justify-content-md-center justify-content-center align-items-lg-stretch align-items-md-stretch align-items-stretch gutters-col-lg-2 gutters-col-md-2 gutters-col-2 gutters-col-v-lg-2 gutters-col-v-md-2 gutters-col-v-2\">\n          <!---->\n          <div class=\"h-column h-column-container d-flex h-col-lg-6 h-col-md-6 h-col-12 style-2869-outer style-local-7110-c4-outer\">\n            <div data-colibri-id=\"7110-c4\" class=\"d-flex h-flex-basis h-column__inner h-px-lg-0 h-px-md-0 h-px-0 v-inner-lg-0 v-inner-md-0 v-inner-0 style-2869 style-local-7110-c4 position-relative\">\n              <!---->\n              <!---->\n              <div class=\"w-100 h-y-container h-column__content h-column__v-align flex-basis-100 align-self-lg-start align-self-md-start align-self-start\">\n                <!---->\n                <div data-colibri-id=\"7110-c5\" class=\"h-row-container gutters-row-lg-0 gutters-row-md-0 gutters-row-0 gutters-row-v-lg-0 gutters-row-v-md-0 gutters-row-v-0 style-2870 style-local-7110-c5 position-relative\">\n                  <!---->\n                  <div class=\"h-row justify-content-lg-center justify-content-md-center justify-content-center align-items-lg-stretch align-items-md-stretch align-items-stretch gutters-col-lg-0 gutters-col-md-0 gutters-col-0 gutters-col-v-lg-0 gutters-col-v-md-0 gutters-col-v-0\">\n                    <!---->\n                    <div class=\"h-column h-column-container d-flex h-col-lg-auto h-col-md-auto h-col-auto style-2871-outer style-local-7110-c6-outer\">\n                      <div data-colibri-id=\"7110-c6\" class=\"d-flex h-flex-basis h-column__inner h-px-lg-0 h-px-md-0 h-px-0 v-inner-lg-0 v-inner-md-0 v-inner-0 style-2871 style-local-7110-c6 position-relative\">\n                        <!---->\n                        <!---->\n                        <div class=\"w-100 h-y-container h-column__content h-column__v-align flex-basis-100 align-self-lg-start align-self-md-start align-self-start\">\n                          <!---->\n                          <div data-colibri-component=\"content-swap\" data-colibri-id=\"7110-c7\" class=\"content-swap style-2872 style-local-7110-c7 position-relative h-element\">\n                            <!---->\n                            <div class=\"d-flex position-relative border-radius-inherit h-content-swap__overflow\">\n                              <div data-normal=\"\" data-colibri-id=\"7110-c8\" class=\"h-content-swap__normal d-flex border-radius-inherit h-ui-empty-state-container hide-animation style-2873 style-local-7110-c8 position-relative\">\n                                <!---->\n                                <div class=\"w-100 h-y-container\">\n                                  <!---->\n                                <\/div>\n                              <\/div>\n                              <div data-hover=\"\" data-colibri-component=\"link\" data-href=\"https:\/\/atletismoviana.pt\/aavc\/associacao\/orgaos-sociais\/\" data-colibri-id=\"7110-c9\" class=\"h-content-swap-hover-container animated h-content-swap__hover d-flex border-radius-inherit fadeIn justify-content-lg-center justify-content-md-center justify-content-center h-content-swap-hover-container--with-link style-2874 style-local-7110-c9 position-relative\"\n                                style=\"display: none;\">\n                                <!---->\n                                <div class=\"w-100 h-y-container align-self-lg-center align-self-md-center align-self-center\">\n                                  <!---->\n                                  <div data-colibri-id=\"7110-c10\" class=\"h-x-container style-2875 style-local-7110-c10 position-relative h-element\">\n                                    <!---->\n                                    <div class=\"h-x-container-inner style-dynamic-7110-c10-group style-2875-spacing style-local-7110-c10-spacing\"><span class=\"h-button__outer style-2876-outer style-local-7110-c11-outer d-inline-flex h-element\"><a h-use-smooth-scroll=\"true\" href=\"https:\/\/atletismoviana.pt\/aavc\/associacao\/orgaos-sociais\/\"  data-colibri-id=\"7110-c11\" class=\"d-flex w-100 align-items-center h-button justify-content-lg-center justify-content-md-center justify-content-center style-2876 style-local-7110-c11 position-relative\"><!----><!----> <span>Ver p\u00e1gina<\/span><\/a>\n                                      <\/span>\n                                    <\/div>\n                                  <\/div>\n                                <\/div>\n                              <\/div>\n                            <\/div>\n                          <\/div>\n                        <\/div>\n                      <\/div>\n                    <\/div>\n                    <div class=\"h-column h-column-container d-flex h-col-lg-auto h-col-md-auto h-col-auto style-2877-outer style-local-7110-c12-outer\">\n                      <div data-colibri-id=\"7110-c12\" class=\"d-flex h-flex-basis h-column__inner h-px-lg-2 h-px-md-2 h-px-2 v-inner-lg-2 v-inner-md-2 v-inner-2 style-2877 style-local-7110-c12 position-relative\">\n                        <!---->\n                        <!---->\n                        <div class=\"w-100 h-y-container h-column__content h-column__v-align flex-basis-100 align-self-lg-start align-self-md-start align-self-start\">\n                          <!---->\n                          <div data-colibri-id=\"7110-c13\" class=\"h-global-transition-all h-heading style-2878 style-local-7110-c13 position-relative h-element\">\n                            <!---->\n                            <div class=\"h-heading__outer style-2878 style-local-7110-c13\">\n                              <!---->\n                              <!---->\n                              <h5 class=\"\">\u00d3rg\u00e3os Sociais<\/h5>\n                            <\/div>\n                          <\/div>\n                        <\/div>\n                      <\/div>\n                    <\/div>\n                  <\/div>\n                <\/div>\n              <\/div>\n            <\/div>\n          <\/div>\n          <div class=\"h-column h-column-container d-flex h-col-lg-6 h-col-md-6 h-col-12 style-2869-outer style-local-7110-c14-outer\">\n            <div data-colibri-id=\"7110-c14\" class=\"d-flex h-flex-basis h-column__inner h-px-lg-0 h-px-md-0 h-px-0 v-inner-lg-0 v-inner-md-0 v-inner-0 style-2869 style-local-7110-c14 position-relative\">\n              <!---->\n              <!---->\n              <div class=\"w-100 h-y-container h-column__content h-column__v-align flex-basis-100 align-self-lg-start align-self-md-start align-self-start\">\n                <!---->\n                <div data-colibri-id=\"7110-c15\" class=\"h-row-container gutters-row-lg-0 gutters-row-md-0 gutters-row-0 gutters-row-v-lg-0 gutters-row-v-md-0 gutters-row-v-0 style-2870 style-local-7110-c15 position-relative\">\n                  <!---->\n                  <div class=\"h-row justify-content-lg-center justify-content-md-center justify-content-center align-items-lg-stretch align-items-md-stretch align-items-stretch gutters-col-lg-0 gutters-col-md-0 gutters-col-0 gutters-col-v-lg-0 gutters-col-v-md-0 gutters-col-v-0\">\n                    <!---->\n                    <div class=\"h-column h-column-container d-flex h-col-lg-auto h-col-md-auto h-col-auto style-2871-outer style-local-7110-c16-outer\">\n                      <div data-colibri-id=\"7110-c16\" class=\"d-flex h-flex-basis h-column__inner h-px-lg-0 h-px-md-0 h-px-0 v-inner-lg-0 v-inner-md-0 v-inner-0 style-2871 style-local-7110-c16 position-relative\">\n                        <!---->\n                        <!---->\n                        <div class=\"w-100 h-y-container h-column__content h-column__v-align flex-basis-100 align-self-lg-start align-self-md-start align-self-start\">\n                          <!---->\n                          <div data-colibri-component=\"content-swap\" data-colibri-id=\"7110-c17\" class=\"content-swap style-2880 style-local-7110-c17 position-relative h-element\">\n                            <!---->\n                            <div class=\"d-flex position-relative border-radius-inherit h-content-swap__overflow\">\n                              <div data-normal=\"\" data-colibri-id=\"7110-c18\" class=\"h-content-swap__normal d-flex border-radius-inherit h-ui-empty-state-container hide-animation style-2881 style-local-7110-c18 position-relative\">\n                                <!---->\n                                <div class=\"w-100 h-y-container\">\n                                  <!---->\n                                <\/div>\n                              <\/div>\n                              <div data-hover=\"\" data-colibri-component=\"link\" data-href=\"https:\/\/atletismoviana.pt\/aavc\/associacao\/contactos\/\" data-colibri-id=\"7110-c19\" class=\"h-content-swap-hover-container animated h-content-swap__hover d-flex border-radius-inherit fadeIn justify-content-lg-center justify-content-md-center justify-content-center h-content-swap-hover-container--with-link style-2882 style-local-7110-c19 position-relative\"\n                                style=\"display: none;\">\n                                <!---->\n                                <div class=\"w-100 h-y-container align-self-lg-center align-self-md-center align-self-center\">\n                                  <!---->\n                                  <div data-colibri-id=\"7110-c20\" class=\"h-x-container style-2875 style-local-7110-c20 position-relative h-element\">\n                                    <!---->\n                                    <div class=\"h-x-container-inner style-dynamic-7110-c20-group style-2875-spacing style-local-7110-c20-spacing\"><span class=\"h-button__outer style-2876-outer style-local-7110-c21-outer d-inline-flex h-element\"><a h-use-smooth-scroll=\"true\" href=\"https:\/\/atletismoviana.pt\/aavc\/associacao\/contactos\/\"  data-colibri-id=\"7110-c21\" class=\"d-flex w-100 align-items-center h-button justify-content-lg-center justify-content-md-center justify-content-center style-2876 style-local-7110-c21 position-relative\"><!----><!----> <span>Ver P\u00e1gina<\/span><\/a>\n                                      <\/span>\n                                    <\/div>\n                                  <\/div>\n                                <\/div>\n                              <\/div>\n                            <\/div>\n                          <\/div>\n                        <\/div>\n                      <\/div>\n                    <\/div>\n                    <div class=\"h-column h-column-container d-flex h-col-lg-auto h-col-md-auto h-col-auto style-2877-outer style-local-7110-c22-outer\">\n                      <div data-colibri-id=\"7110-c22\" class=\"d-flex h-flex-basis h-column__inner h-px-lg-2 h-px-md-2 h-px-2 v-inner-lg-2 v-inner-md-2 v-inner-2 style-2877 style-local-7110-c22 position-relative\">\n                        <!---->\n                        <!---->\n                        <div class=\"w-100 h-y-container h-column__content h-column__v-align flex-basis-100 align-self-lg-start align-self-md-start align-self-start\">\n                          <!---->\n                          <div data-colibri-id=\"7110-c23\" class=\"h-global-transition-all h-heading style-2878 style-local-7110-c23 position-relative h-element\">\n                            <!---->\n                            <div class=\"h-heading__outer style-2878 style-local-7110-c23\">\n                              <!---->\n                              <!---->\n                              <h5 class=\"\">Contactos<\/h5>\n                            <\/div>\n                          <\/div>\n                        <\/div>\n                      <\/div>\n                    <\/div>\n                  <\/div>\n                <\/div>\n              <\/div>\n            <\/div>\n          <\/div>\n        <\/div>\n      <\/div>\n    <\/div>\n  <\/div>\n<\/div>","protected":false},"excerpt":{"rendered":"<p>Associa\u00e7\u00e3o Ver p\u00e1gina \u00d3rg\u00e3os Sociais Ver P\u00e1gina Contactos<\/p>\n","protected":false},"author":1,"featured_media":0,"parent":0,"menu_order":0,"comment_status":"closed","ping_status":"closed","template":"page-templates\/full-width-page.php","meta":{"footnotes":""},"class_list":["post-7110","page","type-page","status-publish","hentry"],"_links":{"self":[{"href":"https:\/\/atletismoviana.pt\/aavc\/wp-json\/wp\/v2\/pages\/7110","targetHints":{"allow":["GET"]}}],"collection":[{"href":"https:\/\/atletismoviana.pt\/aavc\/wp-json\/wp\/v2\/pages"}],"about":[{"href":"https:\/\/atletismoviana.pt\/aavc\/wp-json\/wp\/v2\/types\/page"}],"author":[{"embeddable":true,"href":"https:\/\/atletismoviana.pt\/aavc\/wp-json\/wp\/v2\/users\/1"}],"replies":[{"embeddable":true,"href":"https:\/\/atletismoviana.pt\/aavc\/wp-json\/wp\/v2\/comments?post=7110"}],"version-history":[{"count":4,"href":"https:\/\/atletismoviana.pt\/aavc\/wp-json\/wp\/v2\/pages\/7110\/revisions"}],"predecessor-version":[{"id":8245,"href":"https:\/\/atletismoviana.pt\/aavc\/wp-json\/wp\/v2\/pages\/7110\/revisions\/8245"}],"wp:attachment":[{"href":"https:\/\/atletismoviana.pt\/aavc\/wp-json\/wp\/v2\/media?parent=7110"}],"curies":[{"name":"wp","href":"https:\/\/api.w.org\/{rel}","templated":true}]}}