{"id":8446,"date":"2026-02-02T22:06:53","date_gmt":"2026-02-02T22:06:53","guid":{"rendered":"https:\/\/atletismoviana.pt\/aavc\/?page_id=8446"},"modified":"2026-02-02T22:43:55","modified_gmt":"2026-02-02T22:43:55","slug":"fernanda_verde","status":"publish","type":"page","link":"https:\/\/atletismoviana.pt\/aavc\/entrevistas\/fernanda_verde\/","title":{"rendered":"Entrevista #04"},"content":{"rendered":"<div data-colibri-id=\"8446-c1\" class=\"style-3035 style-local-8446-c1 position-relative\">\n  <!---->\n  <div data-colibri-component=\"section\" data-colibri-id=\"8446-c2\" id=\"custom\" class=\"h-section h-section-global-spacing d-flex align-items-lg-center align-items-md-center align-items-center style-3036 style-local-8446-c2 position-relative\">\n    <!---->\n    <!---->\n    <div class=\"h-section-grid-container h-section-boxed-container\">\n      <!---->\n      <div data-colibri-id=\"8446-c3\" class=\"h-row-container gutters-row-lg-0 gutters-row-md-0 gutters-row-0 gutters-row-v-lg-0 gutters-row-v-md-0 gutters-row-v-0 style-3037 style-local-8446-c3 position-relative\">\n        <!---->\n        <div class=\"h-row justify-content-lg-center justify-content-md-center justify-content-center align-items-lg-stretch align-items-md-stretch align-items-stretch gutters-col-lg-0 gutters-col-md-0 gutters-col-0 gutters-col-v-lg-0 gutters-col-v-md-0 gutters-col-v-0\">\n          <!---->\n          <div class=\"h-column h-column-container d-flex h-col-lg-auto h-col-md-auto h-col-auto style-3038-outer style-local-8446-c4-outer\">\n            <div data-colibri-id=\"8446-c4\" class=\"d-flex h-flex-basis h-column__inner h-px-lg-1 h-px-md-1 h-px-1 v-inner-lg-1 v-inner-md-1 v-inner-1 style-3038 style-local-8446-c4 position-relative\">\n              <!---->\n              <!---->\n              <div class=\"w-100 h-y-container h-column__content h-column__v-align flex-basis-100 align-self-lg-start align-self-md-start align-self-start\">\n                <!---->\n                <div data-colibri-id=\"8446-c5\" class=\"h-text h-text-component style-3039 style-local-8446-c5 position-relative h-element\">\n                  <!---->\n                  <!---->\n                  <div class=\"\">\n                    <p>HER\u00d3IS SEM CAPA<\/p>\n                  <\/div>\n                <\/div>\n              <\/div>\n            <\/div>\n          <\/div>\n        <\/div>\n      <\/div>\n      <div data-colibri-id=\"8446-c6\" class=\"h-row-container gutters-row-lg-0 gutters-row-md-0 gutters-row-0 gutters-row-v-lg-0 gutters-row-v-md-0 gutters-row-v-0 style-3041 style-local-8446-c6 position-relative\">\n        <!---->\n        <div class=\"h-row justify-content-lg-center justify-content-md-center justify-content-center align-items-lg-stretch align-items-md-stretch align-items-stretch gutters-col-lg-0 gutters-col-md-0 gutters-col-0 gutters-col-v-lg-0 gutters-col-v-md-0 gutters-col-v-0\">\n          <!---->\n          <div class=\"h-column h-column-container d-flex h-col-lg-auto h-col-md-auto h-col-auto style-3042-outer style-local-8446-c7-outer\">\n            <div data-colibri-id=\"8446-c7\" class=\"d-flex h-flex-basis h-column__inner h-px-lg-1 h-px-md-1 h-px-1 v-inner-lg-1 v-inner-md-1 v-inner-1 style-3042 style-local-8446-c7 position-relative\">\n              <!---->\n              <!---->\n              <div class=\"w-100 h-y-container h-column__content h-column__v-align flex-basis-100 align-self-lg-start align-self-md-start align-self-start\">\n                <!---->\n                <div data-colibri-id=\"8446-c8\" class=\"h-text h-text-component style-3043 style-local-8446-c8 position-relative h-element\">\n                  <!---->\n                  <!---->\n                  <div class=\"\">\n                    <p>Fernanda Verde<\/p>\n                  <\/div>\n                <\/div>\n              <\/div>\n            <\/div>\n          <\/div>\n        <\/div>\n      <\/div>\n      <div data-colibri-id=\"8446-c9\" class=\"h-row-container gutters-row-lg-2 gutters-row-md-2 gutters-row-0 gutters-row-v-lg-2 gutters-row-v-md-2 gutters-row-v-2 style-3044 style-local-8446-c9 position-relative\">\n        <!---->\n        <div class=\"h-row justify-content-lg-center justify-content-md-center justify-content-center align-items-lg-stretch align-items-md-stretch align-items-stretch gutters-col-lg-2 gutters-col-md-2 gutters-col-0 gutters-col-v-lg-2 gutters-col-v-md-2 gutters-col-v-2\">\n          <!---->\n          <div class=\"h-column h-column-container d-flex h-col-lg-auto h-col-md-auto h-col-auto style-3045-outer style-local-8446-c10-outer\">\n            <div data-colibri-id=\"8446-c10\" class=\"d-flex h-flex-basis h-column__inner h-px-lg-2 h-px-md-2 h-px-2 v-inner-lg-2 v-inner-md-2 v-inner-2 style-3045 style-local-8446-c10 position-relative\">\n              <!---->\n              <!---->\n              <div class=\"w-100 h-y-container h-column__content h-column__v-align flex-basis-100 align-self-lg-start align-self-md-start align-self-start\">\n                <!---->\n                <div data-colibri-id=\"8446-c11\" class=\"h-lead h-text h-text-component style-3046 style-local-8446-c11 position-relative h-element\">\n                  <!---->\n                  <!---->\n                  <div class=\"\">\n                    <p>A hero\u00edna deste m\u00eas \u00e9 Fernanda Verde, uma figura importante do trail, em particular do trail jovem. Movida por uma paix\u00e3o que vai muito al\u00e9m do desporto, Fernanda v\u00ea no trail running um verdadeiro instrumento de transforma\u00e7\u00e3o humana.\n                      Mais do que formar atletas, dedica-se a formar pessoas, acreditando profundamente que o desporto pode devolver confian\u00e7a, autoestima e prop\u00f3sito a quem o pratica. A sua motiva\u00e7\u00e3o nasce do desejo de abrir caminhos, criar oportunidades\n                      e mostrar (a crian\u00e7as e adultos) que os limites s\u00e3o quase sempre maiores do que aquilo que imaginamos.<\/p>\n                  <\/div>\n                <\/div>\n              <\/div>\n            <\/div>\n          <\/div>\n        <\/div>\n      <\/div>\n    <\/div>\n  <\/div>\n  <div data-colibri-component=\"section\" data-colibri-id=\"8446-c12\" id=\"custom-2\" class=\"h-section h-section-global-spacing d-flex align-items-lg-center align-items-md-center align-items-center style-3047 style-local-8446-c12 position-relative\">\n    <!---->\n    <!---->\n    <div class=\"h-section-grid-container h-section-boxed-container\">\n      <!---->\n      <div data-colibri-id=\"8446-c13\" class=\"h-row-container gutters-row-lg-1 gutters-row-md-1 gutters-row-0 gutters-row-v-lg-1 gutters-row-v-md-1 gutters-row-v-1 style-3048 style-local-8446-c13 position-relative\">\n        <!---->\n        <div class=\"h-row justify-content-lg-center justify-content-md-center justify-content-center align-items-lg-stretch align-items-md-stretch align-items-stretch gutters-col-lg-1 gutters-col-md-1 gutters-col-0 gutters-col-v-lg-1 gutters-col-v-md-1 gutters-col-v-1\">\n          <!---->\n          <div class=\"h-column h-column-container d-flex h-col-lg-auto h-col-md-auto h-col-auto style-3049-outer style-local-8446-c14-outer\">\n            <div data-colibri-id=\"8446-c14\" class=\"d-flex h-flex-basis h-column__inner h-px-lg-1 h-px-md-1 h-px-1 v-inner-lg-1 v-inner-md-1 v-inner-1 style-3049 style-local-8446-c14 position-relative\">\n              <!---->\n              <!---->\n              <div class=\"w-100 h-y-container h-column__content h-column__v-align flex-basis-100 align-self-lg-start align-self-md-start align-self-start\">\n                <!---->\n                <div data-colibri-id=\"8446-c15\" class=\"d-block style-3050 style-local-8446-c15 position-relative h-element\">\n                  <!---->\n                  <div class=\"h-image__frame-container-outer\">\n                    <div class=\"h-image__frame-container\">\n                      <!---->\n                      <!---->\n                      <img loading=\"lazy\" decoding=\"async\" width=\"1600\" height=\"900\" src=\"http:\/\/atletismoviana.pt\/aavc\/wp-content\/uploads\/2026\/02\/Herois_sem_capa-FernandaVerde.png\" class=\"wp-image-8449 style-3050-image style-local-8446-c15-image\" alt=\"Herois sem capa - Fernanda Verde\" srcset=\"https:\/\/atletismoviana.pt\/aavc\/wp-content\/uploads\/2026\/02\/Herois_sem_capa-FernandaVerde.png 1600w, https:\/\/atletismoviana.pt\/aavc\/wp-content\/uploads\/2026\/02\/Herois_sem_capa-FernandaVerde-300x169.png 300w, https:\/\/atletismoviana.pt\/aavc\/wp-content\/uploads\/2026\/02\/Herois_sem_capa-FernandaVerde-1024x576.png 1024w, https:\/\/atletismoviana.pt\/aavc\/wp-content\/uploads\/2026\/02\/Herois_sem_capa-FernandaVerde-768x432.png 768w, https:\/\/atletismoviana.pt\/aavc\/wp-content\/uploads\/2026\/02\/Herois_sem_capa-FernandaVerde-1536x864.png 1536w\" sizes=\"auto, (max-width: 1600px) 100vw, 1600px\" \/>\n                      <div class=\"h-image__frame h-hide-lg h-hide-md h-hide-sm style-3050-frameImage style-local-8446-c15-frameImage\"><\/div>\n                    <\/div>\n                  <\/div>\n                <\/div>\n              <\/div>\n            <\/div>\n          <\/div>\n        <\/div>\n      <\/div>\n    <\/div>\n  <\/div>\n  <div data-colibri-component=\"section\" data-colibri-id=\"8446-c16\" id=\"custom-3\" class=\"h-section h-section-global-spacing d-flex align-items-lg-center align-items-md-center align-items-center style-3051 style-local-8446-c16 position-relative\">\n    <!---->\n    <!---->\n    <div class=\"h-section-grid-container h-section-boxed-container\">\n      <!---->\n      <div data-colibri-id=\"8446-c17\" class=\"h-row-container gutters-row-lg-2 gutters-row-md-2 gutters-row-0 gutters-row-v-lg-2 gutters-row-v-md-2 gutters-row-v-2 style-3052 style-local-8446-c17 position-relative\">\n        <!---->\n        <div class=\"h-row justify-content-lg-center justify-content-md-center justify-content-center align-items-lg-stretch align-items-md-stretch align-items-stretch gutters-col-lg-2 gutters-col-md-2 gutters-col-0 gutters-col-v-lg-2 gutters-col-v-md-2 gutters-col-v-2\">\n          <!---->\n          <div class=\"h-column h-column-container d-flex h-col-lg-auto h-col-md-auto h-col-auto style-3053-outer style-local-8446-c18-outer\">\n            <div data-colibri-id=\"8446-c18\" class=\"d-flex h-flex-basis h-column__inner h-px-lg-2 h-px-md-2 h-px-2 v-inner-lg-2 v-inner-md-2 v-inner-2 style-3053 style-local-8446-c18 position-relative\">\n              <!---->\n              <!---->\n              <div class=\"w-100 h-y-container h-column__content h-column__v-align flex-basis-100 align-self-lg-start align-self-md-start align-self-start\">\n                <!---->\n                <div data-colibri-id=\"8446-c19\" class=\"h-text h-text-component style-3054 style-local-8446-c19 position-relative h-element\">\n                  <!---->\n                  <!---->\n                  <div class=\"\">\n                    <p>AAVC: Qual \u00e9 a maior motiva\u00e7\u00e3o que a levou a dirigir um clube? O que \u00e9 que a move?<\/p>\n                    <p>FV: O que me move \u00e9 muito mais do que o desporto. \u00c9 a possibilidade de mudar vidas atrav\u00e9s dele. O Trail Running entrou na minha vida como um desafio pessoal, mas rapidamente se transformou numa miss\u00e3o. Criar e dirigir um clube nasceu\n                      do desejo profundo de dar oportunidades, de formar pessoas antes de formar atletas, de mostrar \u00e0s crian\u00e7as e aos adultos que s\u00e3o capazes de ir mais longe do que imaginam. Move-me ver algu\u00e9m ganhar confian\u00e7a, recuperar a autoestima,\n                      encontrar um prop\u00f3sito. Move-me acreditar que o desporto pode ser um caminho de salva\u00e7\u00e3o, de equil\u00edbrio e de felicidade.<\/p>\n                    <p>Tornei-me respons\u00e1vel por um clube porque senti que n\u00e3o bastava correr\u2026 era preciso abrir caminho para outros. Porque percebi que o meu amor pelo trail s\u00f3 fazia sentido se fosse partilhado. O que me mant\u00e9m ativa \u00e9 ver o brilho nos\n                      olhos de uma crian\u00e7a quando termina a sua primeira prova, \u00e9 receber uma mensagem de um atleta que voltou a acreditar em si, \u00e9 sentir que o nosso trabalho deixa marcas boas.&nbsp;<\/p>\n                    <p>\n                      <br>\n                    <\/p>\n                    <p>AAVC: Que li\u00e7\u00f5es tenta ensinar aos atletas e treinadores \u00e0 sua volta?<\/p>\n                    <p>FV: Que ningu\u00e9m vence sozinho. Que o sucesso se constr\u00f3i com humildade, trabalho di\u00e1rio e car\u00e1ter. Que perder tamb\u00e9m faz parte do caminho e que desistir n\u00e3o pode ser op\u00e7\u00e3o. Ensino que ser treinador ou atleta \u00e9 ter responsabilidade\n                      sobre o exemplo que se d\u00e1, sobre as palavras que se usam e sobre as atitudes que se tomam. Acima de tudo, ensino que o desporto deve unir, nunca dividir. Para al\u00e9m do Atletismo \/ Trail quero ensinar respeito, disciplina, empatia,\n                      resili\u00eancia e responsabilidade. Quero formar seres humanos fortes por dentro, n\u00e3o apenas corpos preparados para competir.<\/p>\n                    <p>\n                      <br>\n                    <\/p>\n                    <p>AAVC: Qual \u00e9 a parte mais dif\u00edcil de gerir um clube e os seus atletas?<\/p>\n                    <p>FV: Gerir emo\u00e7\u00f5es, expectativas e frustra\u00e7\u00f5es. Lidar com diferentes personalidades, com limita\u00e7\u00f5es financeiras, com falta de apoios e, muitas vezes, com incompreens\u00e3o. \u00c9 dif\u00edcil quando damos tudo de cora\u00e7\u00e3o e nem sempre somos entendidos.\n                      Mas continuo, porque acredito que vale a pena.<\/p>\n                    <p>\n                      <br>\n                    <\/p>\n                    <p>AAVC: Qual \u00e9 o seu maior medo?<\/p>\n                    <p>FV: O meu maior medo \u00e9 falhar com aqueles que confiam em mim. \u00c9 n\u00e3o conseguir proteger os valores do clube, n\u00e3o conseguir dar o exemplo certo \u00e0s crian\u00e7as e aos jovens. Tenho medo que o desporto perca a sua ess\u00eancia humana e se transforme\n                      apenas em resultados.<\/p>\n                    <p>\n                      <br>\n                    <\/p>\n                    <p>AAVC: Qual foi o seu momento favorito no atletismo?<\/p>\n                    <p>FV: Foram muitos\u2026 mas os mais marcantes n\u00e3o foram p\u00f3dios. Foram os momentos em que vi atletas meus superarem medos, les\u00f5es, tristeza, desist\u00eancia. O momento em que uma crian\u00e7a diz \u201cconsegui\u201d, ou quando algu\u00e9m que estava perdido encontra\n                      novamente um rumo atrav\u00e9s do trail. Esses momentos ficam gravados para sempre.<\/p>\n                    <p>\n                      <br>\n                    <\/p>\n                    <p>AAVC: Vamos ouvir a voz da sabedoria: Qual \u00e9 a sua frase do dia?<\/p>\n                    <p>FV: \u201cNem o C\u00e9u \u00e9 o Limite \u201cquando o cora\u00e7\u00e3o \u00e9 maior do que o medo e a vontade \u00e9 mais forte do que o cansa\u00e7o.\u201d<\/p>\n                  <\/div>\n                <\/div>\n              <\/div>\n            <\/div>\n          <\/div>\n        <\/div>\n      <\/div>\n    <\/div>\n  <\/div>\n  <div data-colibri-component=\"section\" data-colibri-id=\"8446-c20\" id=\"custom-4\" class=\"h-section h-section-global-spacing d-flex align-items-lg-center align-items-md-center align-items-center style-3055 style-local-8446-c20 position-relative\">\n    <!---->\n    <!---->\n    <div class=\"h-section-grid-container h-section-boxed-container\">\n      <!---->\n      <div data-colibri-id=\"8446-c21\" class=\"h-row-container gutters-row-lg-0 gutters-row-md-0 gutters-row-0 gutters-row-v-lg-0 gutters-row-v-md-0 gutters-row-v-0 style-3056 style-local-8446-c21 position-relative\">\n        <!---->\n        <div class=\"h-row justify-content-lg-center justify-content-md-center justify-content-center align-items-lg-stretch align-items-md-stretch align-items-stretch gutters-col-lg-0 gutters-col-md-0 gutters-col-0 gutters-col-v-lg-0 gutters-col-v-md-0 gutters-col-v-0\">\n          <!---->\n          <div class=\"h-column h-column-container d-flex h-col-lg-auto h-col-md-auto h-col-auto style-3057-outer style-local-8446-c22-outer\">\n            <div data-colibri-id=\"8446-c22\" class=\"d-flex h-flex-basis h-column__inner h-px-lg-1 h-px-md-1 h-px-1 v-inner-lg-1 v-inner-md-1 v-inner-1 style-3057 style-local-8446-c22 position-relative\">\n              <!---->\n              <!---->\n              <div class=\"w-100 h-y-container h-column__content h-column__v-align flex-basis-100 align-self-lg-start align-self-md-start align-self-start\">\n                <!---->\n                <div data-colibri-id=\"8446-c23\" class=\"d-block style-3059 style-local-8446-c23 position-relative h-element\">\n                  <!---->\n                  <div class=\"h-image__frame-container-outer\">\n                    <div class=\"h-image__frame-container\">\n                      <!---->\n                      <!---->\n                      <img loading=\"lazy\" decoding=\"async\" width=\"1365\" height=\"894\" src=\"http:\/\/atletismoviana.pt\/aavc\/wp-content\/uploads\/2026\/02\/Web-inline_02.jpg\" class=\"wp-image-8472 style-3059-image style-local-8446-c23-image\" alt=\"fernanda verde\" srcset=\"https:\/\/atletismoviana.pt\/aavc\/wp-content\/uploads\/2026\/02\/Web-inline_02.jpg 1365w, https:\/\/atletismoviana.pt\/aavc\/wp-content\/uploads\/2026\/02\/Web-inline_02-300x196.jpg 300w, https:\/\/atletismoviana.pt\/aavc\/wp-content\/uploads\/2026\/02\/Web-inline_02-1024x671.jpg 1024w, https:\/\/atletismoviana.pt\/aavc\/wp-content\/uploads\/2026\/02\/Web-inline_02-768x503.jpg 768w\" sizes=\"auto, (max-width: 1365px) 100vw, 1365px\" \/>\n                      <div class=\"h-image__frame h-hide-lg h-hide-md h-hide-sm style-3059-frameImage style-local-8446-c23-frameImage\"><\/div>\n                    <\/div>\n                  <\/div>\n                <\/div>\n              <\/div>\n            <\/div>\n          <\/div>\n          <div class=\"h-column h-column-container d-flex h-col-lg-auto h-col-md-auto h-col-auto style-3058-outer style-local-8446-c24-outer\">\n            <div data-colibri-id=\"8446-c24\" class=\"d-flex h-flex-basis h-column__inner h-px-lg-1 h-px-md-1 h-px-1 v-inner-lg-1 v-inner-md-1 v-inner-1 style-3058 style-local-8446-c24 position-relative\">\n              <!---->\n              <!---->\n              <div class=\"w-100 h-y-container h-column__content h-column__v-align flex-basis-100 align-self-lg-start align-self-md-start align-self-start\">\n                <!---->\n                <div data-colibri-id=\"8446-c25\" class=\"d-block style-3060 style-local-8446-c25 position-relative h-element\">\n                  <!---->\n                  <div class=\"h-image__frame-container-outer\">\n                    <div class=\"h-image__frame-container\">\n                      <!---->\n                      <!---->\n                      <img loading=\"lazy\" decoding=\"async\" width=\"1365\" height=\"894\" src=\"http:\/\/atletismoviana.pt\/aavc\/wp-content\/uploads\/2026\/02\/Web-inline_01.jpg\" class=\"wp-image-8471 style-3060-image style-local-8446-c25-image\" alt=\"fernanda verde\" srcset=\"https:\/\/atletismoviana.pt\/aavc\/wp-content\/uploads\/2026\/02\/Web-inline_01.jpg 1365w, https:\/\/atletismoviana.pt\/aavc\/wp-content\/uploads\/2026\/02\/Web-inline_01-300x196.jpg 300w, https:\/\/atletismoviana.pt\/aavc\/wp-content\/uploads\/2026\/02\/Web-inline_01-1024x671.jpg 1024w, https:\/\/atletismoviana.pt\/aavc\/wp-content\/uploads\/2026\/02\/Web-inline_01-768x503.jpg 768w\" sizes=\"auto, (max-width: 1365px) 100vw, 1365px\" \/>\n                      <div class=\"h-image__frame h-hide-lg h-hide-md h-hide-sm style-3060-frameImage style-local-8446-c25-frameImage\"><\/div>\n                    <\/div>\n                  <\/div>\n                <\/div>\n              <\/div>\n            <\/div>\n          <\/div>\n        <\/div>\n      <\/div>\n    <\/div>\n  <\/div>\n  <div data-colibri-component=\"section\" data-colibri-id=\"8446-c26\" id=\"custom-5\" class=\"h-section h-section-global-spacing d-flex align-items-lg-center align-items-md-center align-items-center style-3061 style-local-8446-c26 position-relative\">\n    <!---->\n    <!---->\n    <div class=\"h-section-grid-container h-section-boxed-container\">\n      <!---->\n      <div data-colibri-id=\"8446-c27\" class=\"h-row-container gutters-row-lg-2 gutters-row-md-2 gutters-row-0 gutters-row-v-lg-2 gutters-row-v-md-2 gutters-row-v-2 style-3062 style-local-8446-c27 position-relative\">\n        <!---->\n        <div class=\"h-row justify-content-lg-center justify-content-md-center justify-content-center align-items-lg-stretch align-items-md-stretch align-items-stretch gutters-col-lg-2 gutters-col-md-2 gutters-col-0 gutters-col-v-lg-2 gutters-col-v-md-2 gutters-col-v-2\">\n          <!---->\n          <div class=\"h-column h-column-container d-flex h-col-lg-auto h-col-md-auto h-col-auto style-3063-outer style-local-8446-c28-outer\">\n            <div data-colibri-id=\"8446-c28\" class=\"d-flex h-flex-basis h-column__inner h-px-lg-2 h-px-md-2 h-px-2 v-inner-lg-2 v-inner-md-2 v-inner-2 style-3063 style-local-8446-c28 position-relative\">\n              <!---->\n              <!---->\n              <div class=\"w-100 h-y-container h-column__content h-column__v-align flex-basis-100 align-self-lg-start align-self-md-start align-self-start\">\n                <!---->\n                <div data-colibri-id=\"8446-c29\" class=\"h-text h-text-component style-3064 style-local-8446-c29 position-relative h-element\">\n                  <!---->\n                  <!---->\n                  <div class=\"\">\n                    <p>De personalidade emp\u00e1tica, resiliente e guiada por fortes valores, Fernanda assume a responsabilidade de dirigir o seu clube com consci\u00eancia do impacto que cada gesto, palavra e decis\u00e3o pode ter na vida dos outros. O que a move \u00e9 simples\n                      e poderoso: ver algu\u00e9m acreditar novamente em si pr\u00f3prio e perceber que, quando o cora\u00e7\u00e3o \u00e9 maior do que o medo, nem o c\u00e9u \u00e9 o limite.<\/p>\n                  <\/div>\n                <\/div>\n                <div data-colibri-id=\"8446-c30\" class=\"style-3066 style-local-8446-c30 position-relative h-element\">\n                  <!---->\n                <\/div>\n                <div data-colibri-id=\"8446-c31\" class=\"h-text h-text-component style-3065 style-local-8446-c31 position-relative h-element\">\n                  <!---->\n                  <!---->\n                  <div class=\"\">\n                    <p>Para ficar a conhecer melhor a nossa Hero\u00edna, siga em:<\/p>\n                    <p>Facebook:\n                      <a href=\"https:\/\/www.facebook.com\/profile.php?id=100091186040491\" class=\"customize-unpreviewable\">\n                        <br>https:\/\/www.facebook.com\/profile.php?id=100091186040491<\/a>&nbsp;<\/p>\n                    <p>Instagram:\n                      <a href=\"https:\/\/www.instagram.com\/escolinhancl\" class=\"customize-unpreviewable\">\n                        <br>https:\/\/www.instagram.com\/escolinhancl\/<\/a>\n                    <\/p>\n                  <\/div>\n                <\/div>\n              <\/div>\n            <\/div>\n          <\/div>\n        <\/div>\n      <\/div>\n    <\/div>\n  <\/div>\n<\/div>","protected":false},"excerpt":{"rendered":"<p>HER\u00d3IS SEM CAPA Fernanda Verde A hero\u00edna deste m\u00eas \u00e9 Fernanda Verde, uma figura importante do trail, em particular do trail jovem. Movida por uma paix\u00e3o que vai muito al\u00e9m do desporto, Fernanda v\u00ea no trail running um verdadeiro instrumento de transforma\u00e7\u00e3o humana. Mais do que formar atletas, dedica-se a formar pessoas, acreditando profundamente que [&hellip;]<\/p>\n","protected":false},"author":1,"featured_media":0,"parent":5642,"menu_order":0,"comment_status":"closed","ping_status":"closed","template":"page-templates\/full-width-page.php","meta":{"footnotes":""},"class_list":["post-8446","page","type-page","status-publish","hentry"],"_links":{"self":[{"href":"https:\/\/atletismoviana.pt\/aavc\/wp-json\/wp\/v2\/pages\/8446","targetHints":{"allow":["GET"]}}],"collection":[{"href":"https:\/\/atletismoviana.pt\/aavc\/wp-json\/wp\/v2\/pages"}],"about":[{"href":"https:\/\/atletismoviana.pt\/aavc\/wp-json\/wp\/v2\/types\/page"}],"author":[{"embeddable":true,"href":"https:\/\/atletismoviana.pt\/aavc\/wp-json\/wp\/v2\/users\/1"}],"replies":[{"embeddable":true,"href":"https:\/\/atletismoviana.pt\/aavc\/wp-json\/wp\/v2\/comments?post=8446"}],"version-history":[{"count":5,"href":"https:\/\/atletismoviana.pt\/aavc\/wp-json\/wp\/v2\/pages\/8446\/revisions"}],"predecessor-version":[{"id":8495,"href":"https:\/\/atletismoviana.pt\/aavc\/wp-json\/wp\/v2\/pages\/8446\/revisions\/8495"}],"up":[{"embeddable":true,"href":"https:\/\/atletismoviana.pt\/aavc\/wp-json\/wp\/v2\/pages\/5642"}],"wp:attachment":[{"href":"https:\/\/atletismoviana.pt\/aavc\/wp-json\/wp\/v2\/media?parent=8446"}],"curies":[{"name":"wp","href":"https:\/\/api.w.org\/{rel}","templated":true}]}}